{"id":279,"date":"2025-07-24T15:36:31","date_gmt":"2025-07-24T15:36:31","guid":{"rendered":"https:\/\/www.michaelpflumm.de?page_id=279"},"modified":"2025-10-09T08:43:12","modified_gmt":"2025-10-09T08:43:12","slug":"impressum","status":"publish","type":"page","link":"http:\/\/www.michaelpflumm.de\/en\/impressum\/","title":{"rendered":"Impressum"},"content":{"rendered":"<div class=\"wp-bootstrap-blocks-container container mb-2 datenschutz\">\n\t\n\n<div style=\"height:200px\" aria-hidden=\"true\" class=\"wp-block-spacer\"><\/div>\n\n\n<div class=\"wp-bootstrap-blocks-row row\">\n\t\n\n<div class=\"col-12 col-md-10 offset-md-1\">\n\t\t\t\n\n<h1 class=\"wp-block-heading\">Impressum<\/h1>\n\n\n\n<p>Michael Pflumm<\/p>\n\n\n\n<p>+49 (0)30 83740455\u202c<\/p>\n\n\n\n<p>Berlin, Deutschland<br><a href=\"mailto:info@michaelpflumm.com\" target=\"_blank\" rel=\"noreferrer noopener\">info(at)michaelpflumm.com<\/a><\/p>\n\n\n\n<p>Haftungshinweis:<br>Trotz sorgf\u00e4ltiger inhaltlicher Kontrolle \u00fcbernehmen wir keine Haftung f\u00fcr die Inhalte externer Links.<br>F\u00fcr den Inhalt der verlinkten Seiten sind ausschlie\u00dflich deren Betreiber verantwortlich.<br>Des Weiteren weisen wir darauf hin, dass s\u00e4mtliche Inhalte dieser Seite Copyrights unterliegen.<br>Das Herunterladen sowie die Verwendung f\u00fcr andere Webseiten ist ausdr\u00fccklich untersagt. Siehe weitere Informationen unter Datenschutz.<\/p>\n\n\t<\/div>\n\n\n\n<div class=\"col-12 col-md-6\">\n\t\t\t\t<\/div>\n\n<\/div>\n\n<\/div>\n","protected":false},"excerpt":{"rendered":"<p>Impressum Michael Pflumm +49 (0)30 83740455\u202c Berlin, Deutschlandinfo(at)michaelpflumm.com Haftungshinweis:Trotz sorgf\u00e4ltiger inhaltlicher Kontrolle \u00fcbernehmen wir keine Haftung f\u00fcr die Inhalte externer Links.F\u00fcr den Inhalt der verlinkten Seiten sind ausschlie\u00dflich deren Betreiber verantwortlich.Des Weiteren weisen wir darauf hin, dass s\u00e4mtliche Inhalte dieser Seite Copyrights unterliegen.Das Herunterladen sowie die Verwendung f\u00fcr andere Webseiten ist ausdr\u00fccklich untersagt. Siehe weitere [&hellip;]<\/p>\n","protected":false},"author":1,"featured_media":0,"parent":0,"menu_order":0,"comment_status":"closed","ping_status":"closed","template":"","meta":{"pgc_sgb_lightbox_settings":"","footnotes":""},"class_list":["post-279","page","type-page","status-publish","hentry"],"_links":{"self":[{"href":"http:\/\/www.michaelpflumm.de\/en\/wp-json\/wp\/v2\/pages\/279","targetHints":{"allow":["GET"]}}],"collection":[{"href":"http:\/\/www.michaelpflumm.de\/en\/wp-json\/wp\/v2\/pages"}],"about":[{"href":"http:\/\/www.michaelpflumm.de\/en\/wp-json\/wp\/v2\/types\/page"}],"author":[{"embeddable":true,"href":"http:\/\/www.michaelpflumm.de\/en\/wp-json\/wp\/v2\/users\/1"}],"replies":[{"embeddable":true,"href":"http:\/\/www.michaelpflumm.de\/en\/wp-json\/wp\/v2\/comments?post=279"}],"version-history":[{"count":7,"href":"http:\/\/www.michaelpflumm.de\/en\/wp-json\/wp\/v2\/pages\/279\/revisions"}],"predecessor-version":[{"id":561,"href":"http:\/\/www.michaelpflumm.de\/en\/wp-json\/wp\/v2\/pages\/279\/revisions\/561"}],"wp:attachment":[{"href":"http:\/\/www.michaelpflumm.de\/en\/wp-json\/wp\/v2\/media?parent=279"}],"curies":[{"name":"wp","href":"https:\/\/api.w.org\/{rel}","templated":true}]}}